{"id":114,"date":"2017-12-29T14:05:13","date_gmt":"2017-12-29T13:05:13","guid":{"rendered":"https:\/\/parkenmuc.no-it.biz\/?page_id=114"},"modified":"2025-08-19T20:48:01","modified_gmt":"2025-08-19T19:48:01","slug":"agbs","status":"publish","type":"page","link":"https:\/\/www.parken-muc.de\/en\/agbs\/","title":{"rendered":"Agb"},"content":{"rendered":"<p><\/p>\n<h1 class=\"content_header\">Allgemeine Gesch\u00e4ftsbedingungen ParkenMUC<\/h1>\n<h3>I. Vertragsschluss<\/h3>\n<p>Alle Angebote der Fa. <strong>ParkenMUC<\/strong> sind freibleibend unverbindlich, wenn sie nicht ausdr\u00fccklich als verbindlich bezeichnet sind.<\/p>\n<p>Das Absenden der Buchung an die Fa. <strong>ParkenMUC<\/strong> stellt ein verbindliches Angebot zum Vertragsschluss dar. Der Vertrag kommt erst durch eine entsprechende Best\u00e4tigung durch die Fa. <strong>ParkenMUC<\/strong> zustande, die in der Regel binnen 24 Stunden nach Reservierungsanfrage erfolgt.<\/p>\n<p>Hat ein Dritter die Buchung get\u00e4tigt, haftet er neben dem eigentlichen Kunden als Gesamtschuldner f\u00fcr alle vertraglichen Verpflichtungen des Kunden.<\/p>\n<p>Die Anspr\u00fcche aus dem Vertragsverh\u00e4ltnis stehen ausschlie\u00dflich dem Kunden zu und sind nur mit Zustimmung der Fa. <strong>ParkenMUC<\/strong> auf einen Dritten \u00fcbertragbar.<\/p>\n<h3>II. Leistungsumfang<\/h3>\n<p>Die Fa. <strong>ParkenMUC<\/strong> stellt dem Kunden einen unbewachten, nicht verschlossenen und nicht gegen Witterungseinfl\u00fcsse gesch\u00fctzten Stellplatz auf dem von ihr betriebenen Parkplatzgel\u00e4nde in 85445 Schwaig, Eichenstra\u00dfe 8 f\u00fcr die vereinbarte Mietdauer ausschlie\u00dflich zu Parkzwecken zur Verf\u00fcgung. Bewachung und Verwahrung sind nicht Vertragsgegenstand. Ein Anspruch auf einen bestimmten Stellplatz besteht nicht. Der Kunde erkl\u00e4rt sich einverstanden, dass alle Bewegungen auf dem Betriebsgel\u00e4nde von einer Video\u00fcberwachungsanlage erfasst werden.<\/p>\n<p>Die Fahrzeuge sind stets vorw\u00e4rts einzuparken. Eventuelle Sch\u00e4den, die durch unsachgem\u00e4\u00dfes Einparken entstehen, sind auf Kosten des Verursachers zu beseitigen.<\/p>\n<p>Weiterhin beinhaltet die vereinbarte Leistung einmalig den Transfer des Kunden vom Parkplatz zum Abflugterminal am M\u00fcnchener Flughafen sowie zum vereinbarten Zeitpunkt vom Ankunftsterminal zur\u00fcck zum Parkplatz. Zus\u00e4tzliche Fahrten zwischen Flughafen M\u00fcnchen und Parkplatz werden mit 10 \u20ac je Strecke veranschlagt.<\/p>\n<p>Die Fa. <strong>ParkenMUC<\/strong> betreibt hierzu einen Shuttleservice, der in der Regel in Form eines Sammeltransports erfolgt. Durch die Sammelbef\u00f6rderung k\u00f6nnen vereinzelt Wartezeiten von bis zu maximal 30 min entstehen. Der Kunde erkl\u00e4rt sich hiermit ausdr\u00fccklich einverstanden.<\/p>\n<p>Die jeweiligen Ankunft- und Abflugzeiten sind durch den Kunden im Rahmen der Buchung verbindlich mitzuteilen. Eine sp\u00e4tere \u00c4nderung der Transferzeiten hat der Kunde rechtzeitig, mindestens 24 Stunden vorher, der Fa. <strong>ParkenMUC<\/strong> mitzuteilen. F\u00fcr vom Kunden verursachte Leerfahrten f\u00e4llt pro Fahrt eine Aufwandspauschale von 10 \u20ac an. Dem Kunden bleibt unbenommen, einen geringeren Aufwand der Fa. <strong>ParkenMUC<\/strong> nachzuweisen.<\/p>\n<p>Der Kunde hat sicherzustellen, dass er rechtzeitig, mindestens 30 Minuten vor dem vom Kunden geplanten Ankunftstermin am Flughafen, am Parkplatzgel\u00e4nde eintrifft. Die Fa. <strong>ParkenMUC<\/strong> \u00fcbernimmt keine Garantie f\u00fcr das Eintreffen des Kunden am Flughafen zu einem bestimmten Termin, es sei denn, dies wurde ausdr\u00fccklich schriftlich best\u00e4tigt. Die Fa. <strong>ParkenMUC<\/strong> haftet daher nicht f\u00fcr eine eventuell versp\u00e4tete Ankunft des Kunden am Flughafen. Ausgenommen hiervon sind F\u00e4lle grober Fahrl\u00e4ssigkeit sowie Vorsatz.<\/p>\n<p>Essen in den Shuttle-Bussen ist nicht gestattet. F\u00fcr etwaige Verunreinigungen, die durch den Kunden im Fahrzeug entstehen, haftet der Verursacher.<\/p>\n<h3>III. Preise, Zahlungsbedingungen und Rechnungsstellung<\/h3>\n<p>Die von der Fa. <strong>ParkenMUC<\/strong> angegebenen Preise sind grunds\u00e4tzlich freibleibend. Ma\u00dfgebend ist der in der Buchung ausgewiesene und durch die Fa. <strong>ParkenMUC<\/strong> im Rahmen der Reservierungsbest\u00e4tigung best\u00e4tigte Preis. Die ausgewiesenen Preise verstehen sich inklusive der jeweils geltenden Mehrwertsteuer.<\/p>\n<p>Das vereinbarte Parkentgelt ist sp\u00e4testens zum vereinbarten Abholtermin f\u00e4llig und ist vom Kunden in bar, per ec-Karte, VISA-Card, MasterCard oder American Express zu bezahlen. \u00dcberschreitungen der vereinbarten Parkdauer werden mit den jeweils geltenden Tarifen nachberechnet. Etwaige weitere Zahlungsmodalit\u00e4ten k\u00f6nnen individuell vereinbart werden.<\/p>\n<p>Der Kunde erkl\u00e4rt sich einverstanden, Rechnungen in elektronischer Form zugestellt zu bekommen.<\/p>\n<p>Bei einer Korrektur von bereits ausgestellten Rechnungen f\u00e4llt eine Geb\u00fchr von 3 \u20ac pro Rechnung an.<\/p>\n<p>F\u00fcr den Versand einer Rechnung per Post f\u00e4llt eine Pauschale von 3 \u20ac pro Sendung an.<\/p>\n<p>Dem Auftragnehmer steht es frei, seine Leistungen per Briefpost oder auf elektronischem Weg per E-Mail in Rechnung zu stellen.<\/p>\n<h3>IV. Ablauf, Stornierungen, Umbuchungen und nachtr\u00e4gliche \u00c4nderungen von gebuchten Leistungen<\/h3>\n<p>Die erste Shuttlefahrt ist fr\u00fchestens ab 03:30 Uhr, die sp\u00e4teste bis max 22:00 Uhr buchbar, au\u00dferhalb dieser Zeiten ist eine Shuttlefahrt nur unter vorheriger Absprache m\u00f6glich. Reservierungen, die einen Shuttle vor 05:00 h ben\u00f6tigen sind bis sp\u00e4testens 19:00 h des Vortages zu t\u00e4tigen.<\/p>\n<p>Bei Ankunft verpflichtet sich der Kunde, nach dem Erhalt seiner Gep\u00e4ckst\u00fccke den Shuttle telefonisch zu informieren. Der Shuttle ist unter der Telefonnummer +49 (0)177 3334428 zu erreichen. Der Kunde hat sich nach dem Anruf unverz\u00fcglich zum vereinbarten Treffpunkt zu begeben.<\/p>\n<p>Eine Stornierung der gebuchten Leistung ist vor dem vereinbarten Parkzeitbeginn grunds\u00e4tzlich m\u00f6glich. Die Stornierung muss gegen\u00fcber der Fa. <strong>ParkenMUC<\/strong> schriftlich erfolgen. Ma\u00dfgebender Zeitpunkt f\u00fcr die Stornierung ist der Eingang der Erkl\u00e4rung bei der Fa. <strong>ParkenMUC<\/strong>. Eine Stornierung ist kostenfrei, wenn sie sp\u00e4testens 14 Tage vor dem vereinbarten Parkzeitbeginn vereinbart wird. Bei einer sp\u00e4teren Stornierung fallen folgende Pauschalen an:<\/p>\n<ul>\n<li>25 % des Rechnungsbetrages ab dem 13. bis zum 7. Tag vor dem Parkzeitbeginn<\/li>\n<li>50 % des Rechnungsbetrages ab dem 6. bis zum 1. Tag vor dem Parkzeitbeginn<\/li>\n<li>Bei einer sp\u00e4teren Stornierung f\u00e4llt eine Pauschale in H\u00f6he von 100 % des Rechnungsbetrages an.<\/li>\n<\/ul>\n<p>Dem Kunden bleibt unbenommen, einen geringeren durch die Stornierung veranlassten Aufwand nachzuweisen.<\/p>\n<h3>V. Haftung<\/h3>\n<p>Eine Haftung durch die Fa. <strong>ParkenMUC<\/strong> sowie eines gesetzlichen Vertreters oder Erf\u00fcllungsgehilfen ist grunds\u00e4tzlich ausgeschlossen. Hiervon ausgenommen ist die Haftung f\u00fcr Sch\u00e4den aus der Verletzung des Lebens, des K\u00f6rpers oder der Gesundheit sowie f\u00fcr sonstige Sch\u00e4den, die auf einer vors\u00e4tzlichen oder grob fahrl\u00e4ssigen Pflichtverletzung durch die Fa. <strong>ParkenMUC<\/strong>, eines gesetzlichen Vertreter oder Erf\u00fcllungsgehilfen beruht. Die Fa. <strong>ParkenMUC<\/strong> haftet mit Ausnahme vorgenannter F\u00e4lle insbesondere nicht f\u00fcr Besch\u00e4digungen auf dem Parkgel\u00e4nde abgestellter Fahrzeuge, f\u00fcr auf dem Parkplatzgel\u00e4nde von Kunden verursachte Verkehrsunf\u00e4lle sowie f\u00fcr Besch\u00e4digungen des vom Kunden oder Dritten mitgef\u00fchrten Gep\u00e4cks oder sonstiger Gegenst\u00e4nde.<\/p>\n<h3>VI. Verhalten auf dem Betriebsgel\u00e4nde<\/h3>\n<p>Auf dem Betriebsgel\u00e4nde gelten die Vorschriften der Stra\u00dfenverkehrsordnung (StVO). Der Kunde hat die durch die Verkehrsf\u00fchrung vorgegebenen Regelungen zu beachten. Jeder Kunde und Fahrzeugf\u00fchrer hat sich so zu verhalten, dass die Gef\u00e4hrdung und Sch\u00e4digung Dritter ausgeschlossen ist.<\/p>\n<p>Das Betriebsgel\u00e4nde und seine Einrichtungen sind pfleglich und sachgem\u00e4\u00df zu behandeln. Die bei Besch\u00e4digungen entstandenen Kosten werden dem Verursacher nach Beseitigung durch die Fa. <strong>ParkenMUC<\/strong> oder eines Bevollm\u00e4chtigten in Rechnung gestellt. Das Durchf\u00fchren von Reparaturarbeiten an Kraftfahrzeugen ist nur mit vorheriger Genehmigung durch die Fa. <strong>ParkenMUC<\/strong> oder einer von der Fa. <strong>ParkenMUC<\/strong> bevollm\u00e4chtigten Person gestattet. Das Ablassen von K\u00fchlwasser, Kraftstoffen oder \u00d6len sowie die Entsorgung von M\u00fcll auf dem Betriebsgel\u00e4nde ist verboten. Kosten zur Entfernung von Verunreinigungen oder M\u00fcll werden dem Verursacher auferlegt.<\/p>\n<p>Das Befahren des Betriebsgel\u00e4ndes ist mit max. 15 Km\/h erlaubt und nur Personen gestattet, die im Besitz einer f\u00fcr das betriebene Fahrzeug erforderlichen Fahrerlaubnis sind. F\u00fcr alle auf dem Betriebsgel\u00e4nde der Fa. <strong>ParkenMUC<\/strong> abgestellten Fahrzeuge ist der von Gesetz her vorgeschriebene Versicherungsschutz und die Zulassung nach StVO unbedingt n\u00f6tig. Die Fa. <strong>ParkenMUC<\/strong> oder eine von ihr bevollm\u00e4chtigte Person ist berechtigt, den Besitz der Fahrerlaubnis sowie des Fahrzeugscheins zu \u00fcberpr\u00fcfen.<\/p>\n<p>Um Besch\u00e4digungen anderer Fahrzeuge durch Gep\u00e4ck zu vermeiden, sind alle Fahrzeuge stets vorw\u00e4rts einzuparken.<\/p>\n<h3>VII. Datenschutz<\/h3>\n<p>Die Fa. <strong>ParkenMUC<\/strong> versichert, dass die im Reservierungsformular eingetragenen pers\u00f6nlichen Daten des Kunden nicht an Dritte weitergegeben werden und die Daten ausschlie\u00dflich zur Durchf\u00fchrung der von Ihnen gew\u00fcnschten Serviceleistung verwendet werden. Der Kunde erkl\u00e4rt sich einverstanden, dass bei Sonderleistungen (Fahrzeugreinigung etc.) die notwendigen Daten an den entsprechenden Dienstleister \u00fcbertragen werden.<\/p>\n<h3>VIII. Erf\u00fcllungsort und Gerichtsstand<\/h3>\n<p>Erf\u00fcllungsort und Gerichtsstand ist, soweit der Kunde Kaufmann ist, Erding.<\/p>\n<p>&nbsp;<\/p>\n<p><strong>ParkenMUC<\/strong><br \/>\nBrigitte Pyttlik<br \/>\nEichenstra\u00dfe 8<br \/>\n85445 Schwaig<br \/>\nTelefon: +49 (0)177 3334428<br \/>\nE-Mail: <a href=\"mailto:info@parken-muc.de\">info@parken-muc.de<\/a><\/p>\n<p>Schwaig, 29.12.2013<\/p>","protected":false},"excerpt":{"rendered":"<p>Allgemeine Gesch\u00e4ftsbedingungen ParkenMUC I. Vertragsschluss Alle Angebote der Fa. ParkenMUC sind freibleibend unverbindlich, wenn sie nicht ausdr\u00fccklich als verbindlich bezeichnet sind. Das Absenden der Buchung an die Fa. ParkenMUC stellt ein verbindliches Angebot zum Vertragsschluss dar. Der Vertrag kommt erst durch eine entsprechende Best\u00e4tigung durch die Fa. ParkenMUC zustande, die in der Regel binnen 24<\/p>\n","protected":false},"author":1,"featured_media":0,"parent":0,"menu_order":0,"comment_status":"closed","ping_status":"closed","template":"page-fullwidth.php","meta":{"footnotes":""},"class_list":["post-114","page","type-page","status-publish","hentry"],"_links":{"self":[{"href":"https:\/\/www.parken-muc.de\/en\/wp-json\/wp\/v2\/pages\/114","targetHints":{"allow":["GET"]}}],"collection":[{"href":"https:\/\/www.parken-muc.de\/en\/wp-json\/wp\/v2\/pages"}],"about":[{"href":"https:\/\/www.parken-muc.de\/en\/wp-json\/wp\/v2\/types\/page"}],"author":[{"embeddable":true,"href":"https:\/\/www.parken-muc.de\/en\/wp-json\/wp\/v2\/users\/1"}],"replies":[{"embeddable":true,"href":"https:\/\/www.parken-muc.de\/en\/wp-json\/wp\/v2\/comments?post=114"}],"version-history":[{"count":10,"href":"https:\/\/www.parken-muc.de\/en\/wp-json\/wp\/v2\/pages\/114\/revisions"}],"predecessor-version":[{"id":571,"href":"https:\/\/www.parken-muc.de\/en\/wp-json\/wp\/v2\/pages\/114\/revisions\/571"}],"wp:attachment":[{"href":"https:\/\/www.parken-muc.de\/en\/wp-json\/wp\/v2\/media?parent=114"}],"curies":[{"name":"wp","href":"https:\/\/api.w.org\/{rel}","templated":true}]}}